{"id":81,"date":"2018-08-13T11:15:46","date_gmt":"2018-08-13T09:15:46","guid":{"rendered":"http:\/\/netphiltech.org\/wordpress\/?page_id=81"},"modified":"2021-05-14T17:49:10","modified_gmt":"2021-05-14T15:49:10","slug":"was-wir-machen","status":"publish","type":"page","link":"https:\/\/netphiltech.org\/wordpress\/was-wir-machen\/","title":{"rendered":"Arbeitsfelder"},"content":{"rendered":"<p>\u00dcber Vortr\u00e4ge, Wokshops und Seminare hinausgehend, engagieren sich die Mitglieder unseres Vereins sowie des Beirats in verschiedenen Arbeitsfeldern.<\/p>\n<p>Im Arbeitsfeld &#8222;Hypermoderne Technologien&#8220; setzen sich die Vereinsmitglieder mit technikphilosophischen wie ethischen Fragestellungen zu aktuellen technologischen Entwicklungen auseinander. Da Technologien immer kontextuell eingebunden sind, werden in diesem Arbeitsfeld auch soziale, politische und \u00f6konomische Dimensionen technologischer Entwicklung untersucht.<\/p>\n<p>Eine Vorstellung der Arbeitsgruppe &#8222;<a href=\"http:\/\/netphiltech.org\/wordpress\/arbeitsfeld-hypermoderne-technologien\/\">Hypermoderne Technologien<\/a>&#8220; finden Sie hier.<\/p>\n<p>Die Arbeitsgruppe &#8222;INFO&#8220; (&#8222;Inducing non-formal Orientation\/Induzierung non-formalen Orientierungswissens&#8220;) besch\u00e4ftigt sich mit der Frage, wie die Digitalisierung die Gesellschaft ver\u00e4ndern oder bzw. welche Informationen uns bestimmte gesellschaftliche Ver\u00e4nderungen im Hinblick auf das Informationszeitalter erwarten lassen? Sie hat sich aus der Arbeitsgruppe zum Schwerpunkt Hypermordern-Technologien entwickelt und ein eigenst\u00e4ndiges Projekt ins Leben gerufen, um das theoretische Wissen in der Praxis umzusetzen. W\u00e4hrend moralische Annahmen auf Wissen basieren scheinen Informationen ein Bestandteil von Wissen zu sein. Informationen beschreiben nach DIN 443000 das Wissen \u00fcber Themen und Prozesse, welches nicht hinreichend durch den Informationstr\u00e4ger beschrieben werden kann. Die Arbeitsgruppe zielt darauf ab, neue Wege &#8211; zumindest im Kontext der philosophischen Fachkultur &#8211; zu schaffen, um Orientierungswissen zu erlangen oder um moralische \u00dcberzeugungen auf neue Weise zu manifestieren. Wie dies zu bewerkstelligen ist, ist noch ein laufendes Forschungsthema f\u00fcr die Arbeitsgruppe und wird von unserem Beirat aktiv unterst\u00fctzt.<\/p>\n<p>Eine Vorstellung der Arbeitsgruppe &#8222;<a href=\"http:\/\/netphiltech.org\/wordpress\/was-wir-machen\/arbeitsfeld-info\/\">INFO<\/a>&#8220; finden Sie hier.<\/p>\n<p>Angesichts der Einf\u00fchrung neuer Technologien in der Arbeitswelt sowie der Diskussionen um die Folgen f\u00fcr Arbeitnehmer und Arbeitgeber, untersucht die\u00a0\u00a0 AG Arbyte\u00a0 begriffliche, konzeptionelle sowie praktische und ethische Fragen rund um das Thema Arbeit.<\/p>\n<p>Eine Vorstellung der Arbeitsgruppe <a href=\"http:\/\/netphiltech.org\/wordpress\/was-wir-machen\/arbeitsfeld-arbyte\/\">&#8222;Arbyte&#8220;<\/a> finden Sie hier.<\/p>\n<p>Weitere Themen, die uns fortlaufend besch\u00e4ftigen, sind die Bezugspunkte klassischer Disziplinen wie Erkenntnistheorie, Wissenschaftsphilosophie, Geschichte der Philosophie und Ethik zu praktischen Fragestellungen. Informationen zu Projekten und Ansatzpunkten finden Sie in unseren <a href=\"http:\/\/netphiltech.org\/wordpress\/taetigkeitsberichte\/\">T\u00e4tigkeitsberichten<\/a>.<\/p>\n<p>Wenn Sie selbst Fragen oder Themenvorschl\u00e4ge f\u00fcr Veranstaltungen oder Forschungsprojekte haben, freuen wir uns \u00fcber Ihre Nachricht an<\/p>\n<p>Antworten [at] netphiltech.org<\/p>\n","protected":false},"excerpt":{"rendered":"<p>\u00dcber Vortr\u00e4ge, Wokshops und Seminare hinausgehend, engagieren sich die Mitglieder unseres Vereins sowie des Beirats in verschiedenen Arbeitsfeldern. Im Arbeitsfeld &#8222;Hypermoderne Technologien&#8220; setzen sich die Vereinsmitglieder mit technikphilosophischen wie ethischen &hellip; <\/p>\n<p class=\"link-more\"><a href=\"https:\/\/netphiltech.org\/wordpress\/was-wir-machen\/\" class=\"more-link\"><span class=\"screen-reader-text\">\u201eArbeitsfelder\u201c<\/span> weiterlesen<\/a><\/p>\n","protected":false},"author":1,"featured_media":0,"parent":0,"menu_order":1,"comment_status":"closed","ping_status":"closed","template":"","meta":[],"_links":{"self":[{"href":"https:\/\/netphiltech.org\/wordpress\/wp-json\/wp\/v2\/pages\/81"}],"collection":[{"href":"https:\/\/netphiltech.org\/wordpress\/wp-json\/wp\/v2\/pages"}],"about":[{"href":"https:\/\/netphiltech.org\/wordpress\/wp-json\/wp\/v2\/types\/page"}],"author":[{"embeddable":true,"href":"https:\/\/netphiltech.org\/wordpress\/wp-json\/wp\/v2\/users\/1"}],"replies":[{"embeddable":true,"href":"https:\/\/netphiltech.org\/wordpress\/wp-json\/wp\/v2\/comments?post=81"}],"version-history":[{"count":13,"href":"https:\/\/netphiltech.org\/wordpress\/wp-json\/wp\/v2\/pages\/81\/revisions"}],"predecessor-version":[{"id":557,"href":"https:\/\/netphiltech.org\/wordpress\/wp-json\/wp\/v2\/pages\/81\/revisions\/557"}],"wp:attachment":[{"href":"https:\/\/netphiltech.org\/wordpress\/wp-json\/wp\/v2\/media?parent=81"}],"curies":[{"name":"wp","href":"https:\/\/api.w.org\/{rel}","templated":true}]}}