{"id":67,"date":"2018-08-13T11:07:48","date_gmt":"2018-08-13T09:07:48","guid":{"rendered":"http:\/\/netphiltech.org\/wordpress\/?page_id=67"},"modified":"2023-03-14T20:21:38","modified_gmt":"2023-03-14T19:21:38","slug":"ueber-uns","status":"publish","type":"page","link":"https:\/\/netphiltech.org\/wordpress\/networking-philosophy-of-technologies-e-v\/ueber-uns\/","title":{"rendered":"\u00dcber uns"},"content":{"rendered":"<p>\u201eNetworking Philosophy of Technologies\u201c ist ein gemeinn\u00fctziger Verein zur F\u00f6rderung von Wissenschaft und Forschung, um ein Netzwerk zwischen Wissenschaft, Gesellschaft und Industrie zu schaffen. Es soll ein Forum zwischen Alltagsdebatten und Expertenkulturen etabliert werden, in dem dringende Probleme der Gestaltung und Bewertungsfragen zuk\u00fcnftiger Technologien bearbeitet werden. Zudem bietet der Verein wirtschafts- und unternehmensethische Beratungen an. Mit der Anwendung und Weiterentwicklung von Bewertungsverfahren sollen Gestaltung und gesellschaftliche Implementierung technologischer Innovationen unterst\u00fctzt werden.<\/p>\n<p>Ziel des Vereins ist philosophische Forschung zu Wissenschaft und Technologie, insbesondere mit moralisch-ethischer Ausrichtung. Dies soll dazu beitragen, Technologie gesellschaftlich, medial, politisch, \u00f6konomisch, innovativ, zukunftsoffen und menschenorientiert zu gestalten. Die zugrunde liegende Vereinigung von WissenschaftlerInnen und wissenschaftlichem Nachwuchs mit unterschiedlichen Arbeitsschwerpunkten und inhaltlichen Perspektiven hat ihren Ursprung in universit\u00e4rer Forschung und Lehre. Spezialisiert haben sich die Vereinsmitglieder u.a. in den Forschungsbereichen Robotics, Cyberwar, Internetethik, Philosophie und Ethik des Designs, Smart Homes, Biotechnologie und -medizin, Nachhaltigkeitskonzepte, transdisziplin\u00e4re Modell- und Wissensbildung sowie technologisierte Forschung.<\/p>\n<p>Da wir uns wohl in der bisher gr\u00f6\u00dften aller technologischen Umbruchphasen der Menschheit befinden, darf technologische Entwicklung \u2013 angesichts \u00f6kologischer und sozialer Herausforderungen im globalen Ma\u00dfstab \u2013 nicht mehr \u00fcberwiegend zufallsgesteuert sein, sondern muss kriterienorientiert gestaltet werden. Unter solchen Kriterien versteht der Verein bspw. Resilienz, Nutzerfreundlichkeit, Gebrauchstauglichkeit (usability), Nachhaltigkeit etc. Erforderlich ist zudem ein transdisziplin\u00e4r zusammenf\u00fchrender Ansatz, der in Entwicklungspfaden denkt, seien sie evolution\u00e4r, kulturell, technologisch oder politisch-gesellschaftlich. Wir stellen uns der Herausforderung, die vielf\u00e4ltigen Perspektiven, Interessen und Gestaltungskriterien zu ber\u00fccksichtigen und handhabbar zu machen.<\/p>\n<p><strong><a href=\"http:\/\/netphiltech.org\/wordpress\/vorstand\/\">N\u00e4here Informationen zum Vorstand finden Sie hier<\/a><\/strong><\/p>\n<p><a href=\"http:\/\/netphiltech.org\/wordpress\/wp-content\/uploads\/2018\/08\/Satzung-13_09_06.pdf\"><strong>Unsere Satzung finden Sie hier<\/strong><\/a><\/p>\n<p><strong>Weitere Projekte, Publikationen und Informationen finden Sie in unseren <a href=\"http:\/\/netphiltech.org\/wordpress\/taetigkeitsberichte\/\">T\u00e4tigkeitsberichten<\/a>.<\/strong><\/p>\n\n\n<p><\/p>\n","protected":false},"excerpt":{"rendered":"<p>\u201eNetworking Philosophy of Technologies\u201c ist ein gemeinn\u00fctziger Verein zur F\u00f6rderung von Wissenschaft und Forschung, um ein Netzwerk zwischen Wissenschaft, Gesellschaft und Industrie zu schaffen. Es soll ein Forum zwischen Alltagsdebatten &hellip; <\/p>\n<p class=\"link-more\"><a href=\"https:\/\/netphiltech.org\/wordpress\/networking-philosophy-of-technologies-e-v\/ueber-uns\/\" class=\"more-link\"><span class=\"screen-reader-text\">\u201e\u00dcber uns\u201c<\/span> weiterlesen<\/a><\/p>\n","protected":false},"author":4,"featured_media":0,"parent":53,"menu_order":2,"comment_status":"closed","ping_status":"closed","template":"","meta":[],"_links":{"self":[{"href":"https:\/\/netphiltech.org\/wordpress\/wp-json\/wp\/v2\/pages\/67"}],"collection":[{"href":"https:\/\/netphiltech.org\/wordpress\/wp-json\/wp\/v2\/pages"}],"about":[{"href":"https:\/\/netphiltech.org\/wordpress\/wp-json\/wp\/v2\/types\/page"}],"author":[{"embeddable":true,"href":"https:\/\/netphiltech.org\/wordpress\/wp-json\/wp\/v2\/users\/4"}],"replies":[{"embeddable":true,"href":"https:\/\/netphiltech.org\/wordpress\/wp-json\/wp\/v2\/comments?post=67"}],"version-history":[{"count":11,"href":"https:\/\/netphiltech.org\/wordpress\/wp-json\/wp\/v2\/pages\/67\/revisions"}],"predecessor-version":[{"id":627,"href":"https:\/\/netphiltech.org\/wordpress\/wp-json\/wp\/v2\/pages\/67\/revisions\/627"}],"up":[{"embeddable":true,"href":"https:\/\/netphiltech.org\/wordpress\/wp-json\/wp\/v2\/pages\/53"}],"wp:attachment":[{"href":"https:\/\/netphiltech.org\/wordpress\/wp-json\/wp\/v2\/media?parent=67"}],"curies":[{"name":"wp","href":"https:\/\/api.w.org\/{rel}","templated":true}]}}