{"id":581,"date":"2022-02-13T19:37:53","date_gmt":"2022-02-13T18:37:53","guid":{"rendered":"https:\/\/netphiltech.org\/wordpress\/?page_id=581"},"modified":"2022-02-17T11:58:01","modified_gmt":"2022-02-17T10:58:01","slug":"transcodek","status":"publish","type":"page","link":"https:\/\/netphiltech.org\/wordpress\/transcodek\/","title":{"rendered":"Transdisziplinarit\u00e4t in Co-Design, Ethik und Kunst"},"content":{"rendered":"\n<p>Die Arbeitsgruppe &#8222;TransCoDEK&#8220; hat sich 2021 gegr\u00fcndet. Sie widmet sich der Erzeugung des Gef\u00fchls menschlicher N\u00e4he \u00fcber Distanz mittels HighTech. Wir verfolgen die Entwicklung eines offenen, integrativen und iterativen Modells digitaler Verbundenheit. <\/p>\n\n\n\n<h2 class=\"wp-block-heading\">Zusammensetzung der Arbeitsgruppe<\/h2>\n\n\n\n<p><strong>Katharina Gro\u00df<\/strong> (Diplom K\u00fcnstlerin, HfBK Dresden) arbeitet als k\u00fcnstlerische Leiterin im Projekt &#8222;choros &#8211; how to create a social technology of belonging&#8220; &#8211; ein Projekt des Trans-Media-Akademie Hellerau e.V. Gemeinsam mit einem K\u00fcnstler-Kollektiv (CYNETART platform collective aus Dresden, Berlin, Prag, Belgien und Taiwan) erforschen und entwickeln wir k\u00fcnstlerische Strategien in und mit Virtual Reality. Sie verbindet ein nomadische Denkweise und die Suche nach Antworten.<\/p>\n\n\n\n<p><strong>Anja Jannack<\/strong>, Dipl.-Ing. ist Head of Operations und Unit Leader f\u00fcr Co-Creation &amp; Visualisierung des Laboratory of Knowledge Architecture an der TU Dresden. Sie ist ausgebildete Architektin und schloss ihr Studium an der TU Dresden im M\u00e4rz 2011 ab (Dipl.-Ing. Architektur). Neben ihrer Lehrt\u00e4tigkeit arbeitet sie derzeit an dem EUH2020-Projekt U_CODE &#8211; Urban Collective Design Environment: Ein neues Werkzeug, das es Fachplanern erm\u00f6glicht, gemeinsam mit den B\u00fcrgern zu entwerfen und zu kommunizieren. Zuvor arbeitete sie von 2014-2015 an dem EU-Projekt C3 Saxony &#8211; Cross Cluster Cooperation, das darauf abzielte, Forschung und Entwicklung im Bereich Mikroelektronik und Biotechnologie zusammenzubringen. Dar\u00fcber hinaus war sie von 2012 bis 2014 Mitglied der interdisziplin\u00e4ren Forschungsgruppe &#8222;Innovating Technologies for Health&#8220; und in der Wissensmanagementgruppe des ECEMP Clusters der TU Dresden &#8211; European Cluster of Emerging Materials and Processes. Weblinks: [<a href=\"https:\/\/tu-dresden.de\/bu\/architektur\/wa\/profil\/anja-jannack\">1<\/a>] [<a href=\"https:\/\/tu-dresden.de\/bu\/architektur\/wa\/forschungsbereiche\/co-creation-visualisation\">2<\/a>]<\/p>\n\n\n\n<p><strong>Augusto Francisco<\/strong> (M.A.) ist Soziologe und Politikwissenschaftler mit Schwerpunkt am Wahl, Patrimonialismus und Partizipation an der UFRN, Brasilien. Danach hat er sein Master \u00fcber Ideologiekritik in Freuds Diskurs der Liebe an der UFRN abgeschlossen. Momentan promoviert er mit einer Dissertation \u00fcber humanoide Robotik als Medium der Kommunikation an der TU Dresden, wobei er eine 3-j\u00e4hrige Ethnographie in verschiedenen Europ\u00e4ische Laboren durchf\u00fchrt, in welchen der am iCub Roboter entwickelt wird. Der iCub ein humanoider Roboter des RobotCub-Projekts und bildet eine offene Forschungs-Plattform f\u00fcr Kognition.<\/p>\n\n\n\n<p><strong>Dr. med. Christina Czeschik,<\/strong> M.Sc., ist \u00c4rztin und Medizininformatikerin. Sie hat in der Medizin im Bereich der Elektro- und Neurophysiologie promoviert und ihr Masterstudium in der Medizininformatik mit einer Arbeit zu Machine Learning und Netzwerkanalyse abgeschlossen. Nach Stationen in verschiedenen medizinischen Fachrichtungen arbeitet sie heute im \u00f6ffentlichen Gesundheitsdienst. Seit 2015 ist sie freie Autorin und schreibt \u00fcber Digitalisierung, digitale Gesundheit, Informationssicherheit und digitale Privatsph\u00e4re, auch im Blog auf ihrer Webseite. Unter dem Pseudonym Jo Koren schreibt sie Science Fiction. Sie lebt im Ruhrgebiet. Weblinks: [<a href=\"http:\/\/www.serapion.de\">1<\/a>]<\/p>\n\n\n\n<p><strong><strong>Manja Unger-B\u00fcttner<\/strong><\/strong>, Dipl.-Designerin, Technikphilosophin (M.A.), befasst sich seit vielen Jahren in Forschung und Lehre mit Gestaltungsprozessen und der Bewertung von Produkten, Oberfl\u00e4chen (User Experience, Usability, Interaktionen), Dienstleistungen und gesellschaftlichen Prozessen (Social Design). Ihre Arbeitsschwerpunkte dabei sind Designphilosophie und -ethik, KI und Robotik, sowie ELSI in Entwicklungsprojekten und Ethik-Beratung der Wirtschaft. Neben ihrem Engagement bei Netphiltech ist sie aktiv im Verband Deutscher Industriedesigner, VDID. Weblinks: [<a href=\"https:\/\/www.vdid.de\/\">1<\/a>] [<a href=\"http:\/\/designethik.de\/\">2<\/a>]<\/p>\n\n\n\n<p><strong>Dipl.-Kfm. Stephan Sch\u00fctze<\/strong> arbeitet seit Jahrzehnten international in der Organisationsentwicklung, heute als IT-Strategieberater. Als langj\u00e4hriger Wissenschaftspodcaster besch\u00e4ftigt er sich mit den individualpsychologischen und organisationssoziologischen Aspekten von Technikgeschichte und Techniknutzung. Er ist Mitglied der c-base, des Chaos Computer Clubs und Gr\u00fcnder der IT- und  Hackergenossenschaft WTF eG. Im Beirat des netphiltech e.V. vertritt er die Perspektive der Hackercommunity in der Forschung und Kommunikation zur Technikphilosophie. [<a href=\"https:\/\/damals-tm-podcast.de\/index.php\/2021\/10\/08\/dtm087-technik-philosophie-geschichte\/\">1<\/a>] [<a href=\"http:\/\/www.c-base.org\">2<\/a>] [<a href=\"http:\/\/www.wtf-eg.de\">3<\/a>]<\/p>\n\n\n\n<p><strong>Dr. phil. Paul Raphael Stadelhofer<\/strong> hat in Dresden und Madrid studiert. Seine Dissertation verfasste er an der TU Dresden mit Schwerpunkt Technikphilosophie. Aktuell arbeitet er in den Bereichen Technikfolgenabsch\u00e4tzung, Ethik der Digitalisierung, Angewandte Ethik, Innovations- und Transformationsforschung \/&nbsp;Drittsektorforschung. Derzeitige Forschungsvorhaben befassen sich mit nachhaltiger Entwicklung, KI in der personalisierten Medizin \/&nbsp;Shared Decision Making, Innovation und Gemeinwohl, Perspektive und Subjektivit\u00e4t sowie mit Disruptiven Innovationen. Er ist Gesch\u00e4ftsf\u00fchrer im Stadtg\u00e4rten e.V. und engagiert sich im Ethikausschuss des deutschen Fundraising Verbandes. Weblinks: [<a href=\"https:\/\/tu-dresden.de\/gsw\/phil\/iphil\/personen\/Paul_Stadelhofer?set_language=de\">1<\/a>] [<a href=\"http:\/\/paulstadelhofer.de\/wordpress\/\">2<\/a>]<\/p>\n\n\n\n<p><strong>Dorothea Elisabeth Koch <\/strong>(M.Mus.) ist Operns\u00e4ngerin und Philosophin. Ihre aktuelle Forschung bezieht sich auf den Einsatz k\u00fcnstlicher Intelligenz in der Oper. Sie schreibt selbst an den von ihr verwendeten Intelligenzen und arbeitet intensiv zur k\u00fcnstlerischen Forschung. <\/p>\n","protected":false},"excerpt":{"rendered":"<p>Die Arbeitsgruppe &#8222;TransCoDEK&#8220; hat sich 2021 gegr\u00fcndet. Sie widmet sich der Erzeugung des Gef\u00fchls menschlicher N\u00e4he \u00fcber Distanz mittels HighTech. Wir verfolgen die Entwicklung eines offenen, integrativen und iterativen Modells &hellip; <\/p>\n<p class=\"link-more\"><a href=\"https:\/\/netphiltech.org\/wordpress\/transcodek\/\" class=\"more-link\"><span class=\"screen-reader-text\">\u201eTransdisziplinarit\u00e4t in Co-Design, Ethik und Kunst\u201c<\/span> weiterlesen<\/a><\/p>\n","protected":false},"author":1,"featured_media":299,"parent":0,"menu_order":0,"comment_status":"closed","ping_status":"closed","template":"","meta":[],"_links":{"self":[{"href":"https:\/\/netphiltech.org\/wordpress\/wp-json\/wp\/v2\/pages\/581"}],"collection":[{"href":"https:\/\/netphiltech.org\/wordpress\/wp-json\/wp\/v2\/pages"}],"about":[{"href":"https:\/\/netphiltech.org\/wordpress\/wp-json\/wp\/v2\/types\/page"}],"author":[{"embeddable":true,"href":"https:\/\/netphiltech.org\/wordpress\/wp-json\/wp\/v2\/users\/1"}],"replies":[{"embeddable":true,"href":"https:\/\/netphiltech.org\/wordpress\/wp-json\/wp\/v2\/comments?post=581"}],"version-history":[{"count":14,"href":"https:\/\/netphiltech.org\/wordpress\/wp-json\/wp\/v2\/pages\/581\/revisions"}],"predecessor-version":[{"id":600,"href":"https:\/\/netphiltech.org\/wordpress\/wp-json\/wp\/v2\/pages\/581\/revisions\/600"}],"wp:featuredmedia":[{"embeddable":true,"href":"https:\/\/netphiltech.org\/wordpress\/wp-json\/wp\/v2\/media\/299"}],"wp:attachment":[{"href":"https:\/\/netphiltech.org\/wordpress\/wp-json\/wp\/v2\/media?parent=581"}],"curies":[{"name":"wp","href":"https:\/\/api.w.org\/{rel}","templated":true}]}}