{"id":430,"date":"2019-05-03T13:29:14","date_gmt":"2019-05-03T11:29:14","guid":{"rendered":"http:\/\/netphiltech.org\/wordpress\/?page_id=430"},"modified":"2019-05-03T13:42:58","modified_gmt":"2019-05-03T11:42:58","slug":"arbeitsfeld-arbyte","status":"publish","type":"page","link":"https:\/\/netphiltech.org\/wordpress\/was-wir-machen\/arbeitsfeld-arbyte\/","title":{"rendered":"Arbyte"},"content":{"rendered":"<p>Der Einsatz neuer Technologien in Unternehmen und Fabriken f\u00fchrte schon seit langem zu Ver\u00e4nderungen in Arbeitsprozessen. Als ein prominentes Beispiel solcher Entwicklungen gilt\u00a0 die Einf\u00fchrung des Flie\u00dfbandes zu Beginn des 20. Jahrhunderts, in deren Folge Arbeitsabl\u00e4ufe neu getaktet und organisiert wurden um sie dem Rhythmus der neuen Technologie anzupassen.<\/p>\n<p>Auch heute werden im Rahmen \u00f6ffentlicher wie wissenschaftlicher Debatten besonders in Bezug\u00a0 auf den Einsatz von digitalen Automatisierungs- und Vernetzungstechnologien Fragen dar\u00fcber diskutiert, wie sich die Arbeitslandschaft und der Arbeitsbegriff ver\u00e4ndern werden: Welche Arbeitspl\u00e4tze gehen verloren? Welche neuen Qualifikationen werden gebraucht? Welche sozialpolitischen Ma\u00dfnahmen braucht es angesichts einer potenziellen Freisetzung von Arbeitskr\u00e4ften, deren T\u00e4tigkeiten von Maschinen \u00fcbernommen werden? Wie steht es mit dem Mehraufwand in Bezug auf Wartung und Instandhaltung?<\/p>\n<p>Derartige Fragen ber\u00fchren gesellschaftliche Vorstellungen \u00fcber Arbeit aber auch praktische sowie ethische Probleme.<\/p>\n<p>Die Arbeitsgruppe Arbeit hat sich im Jahr 2018 auf Anraten des NetPhilTech Beirats gegr\u00fcndet, um Fragen nach dem Wandel in der Arbeitswelt n\u00e4her zu beleuchten. Dabei stehen einerseits konzeptionelle Fragen nach dem Begriff Arbeit und den damit verbundenen Vorstellungen und Werteinstellungen im Zentrum des Interesses. Andererseits soll der Blick auf die Praxis gerichtet werden und es soll untersucht werden, welche Auswirkungen heutige Technologien konkret auf die Arbeitswelt haben. Zudem soll reflektiert, welche Anforderungen zu bew\u00e4ltigen sind, um eine humane Arbeitswelt angesichts neuer H\u00fcrden zu gestalten.<\/p>\n","protected":false},"excerpt":{"rendered":"<p>Der Einsatz neuer Technologien in Unternehmen und Fabriken f\u00fchrte schon seit langem zu Ver\u00e4nderungen in Arbeitsprozessen. Als ein prominentes Beispiel solcher Entwicklungen gilt\u00a0 die Einf\u00fchrung des Flie\u00dfbandes zu Beginn des &hellip; <\/p>\n<p class=\"link-more\"><a href=\"https:\/\/netphiltech.org\/wordpress\/was-wir-machen\/arbeitsfeld-arbyte\/\" class=\"more-link\"><span class=\"screen-reader-text\">\u201eArbyte\u201c<\/span> weiterlesen<\/a><\/p>\n","protected":false},"author":4,"featured_media":0,"parent":81,"menu_order":0,"comment_status":"closed","ping_status":"closed","template":"","meta":[],"_links":{"self":[{"href":"https:\/\/netphiltech.org\/wordpress\/wp-json\/wp\/v2\/pages\/430"}],"collection":[{"href":"https:\/\/netphiltech.org\/wordpress\/wp-json\/wp\/v2\/pages"}],"about":[{"href":"https:\/\/netphiltech.org\/wordpress\/wp-json\/wp\/v2\/types\/page"}],"author":[{"embeddable":true,"href":"https:\/\/netphiltech.org\/wordpress\/wp-json\/wp\/v2\/users\/4"}],"replies":[{"embeddable":true,"href":"https:\/\/netphiltech.org\/wordpress\/wp-json\/wp\/v2\/comments?post=430"}],"version-history":[{"count":3,"href":"https:\/\/netphiltech.org\/wordpress\/wp-json\/wp\/v2\/pages\/430\/revisions"}],"predecessor-version":[{"id":441,"href":"https:\/\/netphiltech.org\/wordpress\/wp-json\/wp\/v2\/pages\/430\/revisions\/441"}],"up":[{"embeddable":true,"href":"https:\/\/netphiltech.org\/wordpress\/wp-json\/wp\/v2\/pages\/81"}],"wp:attachment":[{"href":"https:\/\/netphiltech.org\/wordpress\/wp-json\/wp\/v2\/media?parent=430"}],"curies":[{"name":"wp","href":"https:\/\/api.w.org\/{rel}","templated":true}]}}