{"id":43,"date":"2018-08-09T20:27:17","date_gmt":"2018-08-09T18:27:17","guid":{"rendered":"http:\/\/netphiltech.org\/wordpress\/?page_id=43"},"modified":"2022-03-08T12:58:57","modified_gmt":"2022-03-08T11:58:57","slug":"impresum","status":"publish","type":"page","link":"https:\/\/netphiltech.org\/wordpress\/impresum\/","title":{"rendered":"Impressum"},"content":{"rendered":"<p>Networking Philosophy of Technologies e.V. &#8211; Riesaer Str. 32, 01127 Dresden<\/p>\n<p>Vereinsvorstand: Dr. Paul Raphael Stadelhofer, Dr. Juan Garc\u00e9s, John Hinnerk Pahl, Nadine Reinhardt, Prof. Dr. Anna-Sabine Hauptmann.<\/p>\n<p>E-Mail: kontakt@netphiltech.org &#8211; www.netphiltech.org<br \/>\nInhaltlich Verantwortlicher gem\u00e4\u00df \u00a7 55 Abs. 2 RStV:<br \/>\nPaul Raphael Stadelhofer &#8211; B\u00f6hmertstra\u00dfe 3 &#8211; 01099 Dresden<\/p>\n<p>Registergericht: Amtsgericht Dresden<br \/>\nRegisternummer: VR 7700<br \/>\nFreistellungsbescheid<br \/>\nNetworking Philosophy of Technologies e.V., Riesaer Str. 32, 01127 Dresden, ist nach dem letzten uns zugegangenen Bescheid vom 13.09.2018 des Finanzamtes Dresden-Nord von der K\u00f6rperschaftsteuer befreit, da der Verein ausschlie\u00dflich und unmittelbar steuerbeg\u00fcnstigten und gemeinn\u00fctzigen Zwecken dient.<br \/>\nHaftungshinweis<br \/>\nTrotz sorgf\u00e4ltiger inhaltlicher Kontrolle \u00fcbernehmen wir keine Haftung f\u00fcr die Inhalte externer Links. F\u00fcr den Inhalt der verlinkten Seiten sind ausschlie\u00dflich deren Betreiber verantwortlich. Wir betonen ausdr\u00fccklich, dass wir keinerlei Einfluss auf die Gestaltung und die Inhalte der Seiten haben, auf die im Folgenden verwiesen wird, und machen uns deren Inhalte nicht zu eigen. Sollten Links auf Seiten verweisen mit strafrechtlich relevanten oder politisch radikalen Inhalten bzw. Inhalten, die Wettbewerbs-, Urheber-, Marken- oder Kennzeichnungsrechte Dritter verletzen k\u00f6nnten oder gegen religi\u00f6se \u00dcberzeugungen versto\u00dfen, distanzieren wir uns ausdr\u00fccklich von den Inhalten dieser Seiten.<\/p>\n","protected":false},"excerpt":{"rendered":"<p>Networking Philosophy of Technologies e.V. &#8211; Riesaer Str. 32, 01127 Dresden Vereinsvorstand: Dr. Paul Raphael Stadelhofer, Dr. Juan Garc\u00e9s, John Hinnerk Pahl, Nadine Reinhardt, Prof. Dr. Anna-Sabine Hauptmann. E-Mail: kontakt@netphiltech.org &hellip; <\/p>\n<p class=\"link-more\"><a href=\"https:\/\/netphiltech.org\/wordpress\/impresum\/\" class=\"more-link\"><span class=\"screen-reader-text\">\u201eImpressum\u201c<\/span> weiterlesen<\/a><\/p>\n","protected":false},"author":1,"featured_media":0,"parent":0,"menu_order":0,"comment_status":"closed","ping_status":"closed","template":"","meta":[],"_links":{"self":[{"href":"https:\/\/netphiltech.org\/wordpress\/wp-json\/wp\/v2\/pages\/43"}],"collection":[{"href":"https:\/\/netphiltech.org\/wordpress\/wp-json\/wp\/v2\/pages"}],"about":[{"href":"https:\/\/netphiltech.org\/wordpress\/wp-json\/wp\/v2\/types\/page"}],"author":[{"embeddable":true,"href":"https:\/\/netphiltech.org\/wordpress\/wp-json\/wp\/v2\/users\/1"}],"replies":[{"embeddable":true,"href":"https:\/\/netphiltech.org\/wordpress\/wp-json\/wp\/v2\/comments?post=43"}],"version-history":[{"count":8,"href":"https:\/\/netphiltech.org\/wordpress\/wp-json\/wp\/v2\/pages\/43\/revisions"}],"predecessor-version":[{"id":603,"href":"https:\/\/netphiltech.org\/wordpress\/wp-json\/wp\/v2\/pages\/43\/revisions\/603"}],"wp:attachment":[{"href":"https:\/\/netphiltech.org\/wordpress\/wp-json\/wp\/v2\/media?parent=43"}],"curies":[{"name":"wp","href":"https:\/\/api.w.org\/{rel}","templated":true}]}}