{"id":147,"date":"2018-08-20T11:28:41","date_gmt":"2018-08-20T09:28:41","guid":{"rendered":"http:\/\/netphiltech.org\/wordpress\/?page_id=147"},"modified":"2019-11-13T16:49:57","modified_gmt":"2019-11-13T15:49:57","slug":"taetigkeitsberichte","status":"publish","type":"page","link":"https:\/\/netphiltech.org\/wordpress\/taetigkeitsberichte\/","title":{"rendered":"T\u00e4tigkeitsberichte"},"content":{"rendered":"<p>Zweck unseres gemeinn\u00fctzigen Vereins ist die F\u00f6rderung von Wissenschaft und Forschung, die F\u00f6rderung der Entwicklungszusammenarbeit, die F\u00f6rderung des Arbeits- und Katastrophenschutzes sowie die Unfallverh\u00fctung.<br \/>\nDer Zweck des Vereins wird verwirklicht durch die F\u00f6rderung der Arbeit an technikphilosophischen Fragestellungen und durch die Bildung eines Forums f\u00fcr die Entwicklung, Beratung und Gestaltung von Technik und Technologie.<br \/>\nDer Verein bearbeitet Fragen der Vernetzung von Forschung und Technologie, weiterhin zur Vernetzung von Konsumenten und Industrie, methodisch abgesichert und mit dem Ziel ethisch angemessene Urteile in diesem Bereich zu erarbeiten.<\/p>\n<p>Eine ausf\u00fchrliche Beschreibung unserer T\u00e4tigkeiten k\u00f6nne Sie den T\u00e4tigkeitsberichten der Jahre <a href=\"http:\/\/netphiltech.org\/wordpress\/jahresbericht-2015\/\">2015<\/a>, <a href=\"http:\/\/netphiltech.org\/wordpress\/jahresbericht-2016\/\">2016,\u00a0<\/a> <a href=\"http:\/\/netphiltech.org\/wordpress\/jahresbericht-2017\/\">2017<\/a> und 2018 entnehmen.<\/p>\n","protected":false},"excerpt":{"rendered":"<p>Zweck unseres gemeinn\u00fctzigen Vereins ist die F\u00f6rderung von Wissenschaft und Forschung, die F\u00f6rderung der Entwicklungszusammenarbeit, die F\u00f6rderung des Arbeits- und Katastrophenschutzes sowie die Unfallverh\u00fctung. Der Zweck des Vereins wird verwirklicht &hellip; <\/p>\n<p class=\"link-more\"><a href=\"https:\/\/netphiltech.org\/wordpress\/taetigkeitsberichte\/\" class=\"more-link\"><span class=\"screen-reader-text\">\u201eT\u00e4tigkeitsberichte\u201c<\/span> weiterlesen<\/a><\/p>\n","protected":false},"author":1,"featured_media":0,"parent":0,"menu_order":0,"comment_status":"closed","ping_status":"closed","template":"","meta":[],"_links":{"self":[{"href":"https:\/\/netphiltech.org\/wordpress\/wp-json\/wp\/v2\/pages\/147"}],"collection":[{"href":"https:\/\/netphiltech.org\/wordpress\/wp-json\/wp\/v2\/pages"}],"about":[{"href":"https:\/\/netphiltech.org\/wordpress\/wp-json\/wp\/v2\/types\/page"}],"author":[{"embeddable":true,"href":"https:\/\/netphiltech.org\/wordpress\/wp-json\/wp\/v2\/users\/1"}],"replies":[{"embeddable":true,"href":"https:\/\/netphiltech.org\/wordpress\/wp-json\/wp\/v2\/comments?post=147"}],"version-history":[{"count":4,"href":"https:\/\/netphiltech.org\/wordpress\/wp-json\/wp\/v2\/pages\/147\/revisions"}],"predecessor-version":[{"id":486,"href":"https:\/\/netphiltech.org\/wordpress\/wp-json\/wp\/v2\/pages\/147\/revisions\/486"}],"wp:attachment":[{"href":"https:\/\/netphiltech.org\/wordpress\/wp-json\/wp\/v2\/media?parent=147"}],"curies":[{"name":"wp","href":"https:\/\/api.w.org\/{rel}","templated":true}]}}