{"id":101,"date":"2018-08-13T11:36:45","date_gmt":"2018-08-13T09:36:45","guid":{"rendered":"http:\/\/netphiltech.org\/wordpress\/?page_id=101"},"modified":"2022-04-08T21:07:06","modified_gmt":"2022-04-08T19:07:06","slug":"vorstand","status":"publish","type":"page","link":"https:\/\/netphiltech.org\/wordpress\/vorstand\/","title":{"rendered":"Vorstand"},"content":{"rendered":"<p>Der Vorstand ist ehrenamtlich t\u00e4tig und f\u00fcr die Realisierung der Entschl\u00fcsse der Mitgliederversammlung verantwortlich. Er wird auf zwei Jahre von der Mitgliederversammlung gew\u00e4hlt und wird gerichtlich sowie au\u00dfergerichtlich durch zwei Mitglieder gemeinsam vertreten. Der Vorstand setzt sich derzeit aus sechs Personen zusammen:<\/p>\n<p>1. Vorsitzender: Dr. Paul Raphael Stadelhofer<br \/>\n2. Vorsitzender: Dr. Juan Garc\u00e9s<br \/>\nSchriftf\u00fchrung: John Hinnerk Pahl<br \/>\nSchatzmeisterin: Nadine Reinhardt<br \/>\n1. Beisitz: Prof. Dr. Anna Sabine Hauptmann<br \/>\n2. Beisitz: Manja Unger<\/p>\n","protected":false},"excerpt":{"rendered":"<p>Der Vorstand ist ehrenamtlich t\u00e4tig und f\u00fcr die Realisierung der Entschl\u00fcsse der Mitgliederversammlung verantwortlich. Er wird auf zwei Jahre von der Mitgliederversammlung gew\u00e4hlt und wird gerichtlich sowie au\u00dfergerichtlich durch zwei &hellip; <\/p>\n<p class=\"link-more\"><a href=\"https:\/\/netphiltech.org\/wordpress\/vorstand\/\" class=\"more-link\"><span class=\"screen-reader-text\">\u201eVorstand\u201c<\/span> weiterlesen<\/a><\/p>\n","protected":false},"author":1,"featured_media":0,"parent":0,"menu_order":0,"comment_status":"closed","ping_status":"closed","template":"","meta":[],"_links":{"self":[{"href":"https:\/\/netphiltech.org\/wordpress\/wp-json\/wp\/v2\/pages\/101"}],"collection":[{"href":"https:\/\/netphiltech.org\/wordpress\/wp-json\/wp\/v2\/pages"}],"about":[{"href":"https:\/\/netphiltech.org\/wordpress\/wp-json\/wp\/v2\/types\/page"}],"author":[{"embeddable":true,"href":"https:\/\/netphiltech.org\/wordpress\/wp-json\/wp\/v2\/users\/1"}],"replies":[{"embeddable":true,"href":"https:\/\/netphiltech.org\/wordpress\/wp-json\/wp\/v2\/comments?post=101"}],"version-history":[{"count":7,"href":"https:\/\/netphiltech.org\/wordpress\/wp-json\/wp\/v2\/pages\/101\/revisions"}],"predecessor-version":[{"id":605,"href":"https:\/\/netphiltech.org\/wordpress\/wp-json\/wp\/v2\/pages\/101\/revisions\/605"}],"wp:attachment":[{"href":"https:\/\/netphiltech.org\/wordpress\/wp-json\/wp\/v2\/media?parent=101"}],"curies":[{"name":"wp","href":"https:\/\/api.w.org\/{rel}","templated":true}]}}